{"id":353,"date":"2025-11-05T02:13:21","date_gmt":"2025-11-05T01:13:21","guid":{"rendered":"https:\/\/www.apoyoautismochileepaa.cl\/carro\/?page_id=353"},"modified":"2025-12-23T03:24:56","modified_gmt":"2025-12-23T02:24:56","slug":"prueba","status":"publish","type":"page","link":"https:\/\/www.apoyoautismochileepaa.cl\/carro\/","title":{"rendered":""},"content":{"rendered":"\n<p>Cada producto refleja el talento, la dedicaci\u00f3n y la creatividad de j\u00f3venes y adultos autistas que, a trav\u00e9s del Programa Sociolaboral CEAsolidario, dan vida a dise\u00f1os llenos de sentido y valor. Informaci\u00f3n importante:<\/p>\n\n\n\n<p>Las compras se env\u00edan en un per\u00edodo de 10 d\u00edas h\u00e1biles. Puedes optar por las opciones:<\/p>\n\n\n\n<p>\u2022 Env\u00edo por pagar a trav\u00e9s Correos Chile (la fundaci\u00f3n no se hace responsable por el valor real del env\u00edo por parte de la empresa de encomiendas).<\/p>\n\n\n\n<p> \u2022 Retirar en Fundaci\u00f3n Apoyo Autismo Chile calle 10 y medio Norte 846, Vi\u00f1a del Mar, previa coordinaci\u00f3n de d\u00eda y hora de entrega. <\/p>\n\n\n\n<p>Si tienes dudas escribe a tiendita@apoyoautismochileepaa.cl<\/p>\n\n\n\n<p><\/p>\n\n\n\n<p><strong>Escoja Categoria<\/strong><\/p>\n\n\n\n<div class=\"wp-block-columns alignfull is-layout-flex wp-container-core-columns-is-layout-28f84493 wp-block-columns-is-layout-flex\">\n<div class=\"wp-block-column is-layout-flow wp-block-column-is-layout-flow\" style=\"flex-basis:100%\"><div class=\"woocommerce columns-4\"><ul class=\"products columns-4\">\n<li class=\"product-category product first\">\n\t<a aria-label=\"Visitar la categor\u00eda de producto Bolsas de Algod\u00f3n\" href=\"https:\/\/www.apoyoautismochileepaa.cl\/carro\/categoria-producto\/bda\/\"><img loading=\"lazy\" decoding=\"async\" src=\"https:\/\/www.apoyoautismochileepaa.cl\/carro\/wp-content\/uploads\/2025\/11\/Paseo-Wheelwright-de-Valparaiso-9-2-300x300.png\" alt=\"Bolsas de Algod\u00f3n\" width=\"300\" height=\"300\" srcset=\"https:\/\/www.apoyoautismochileepaa.cl\/carro\/wp-content\/uploads\/2025\/11\/Paseo-Wheelwright-de-Valparaiso-9-2-300x300.png 300w, https:\/\/www.apoyoautismochileepaa.cl\/carro\/wp-content\/uploads\/2025\/11\/Paseo-Wheelwright-de-Valparaiso-9-2-150x150.png 150w, https:\/\/www.apoyoautismochileepaa.cl\/carro\/wp-content\/uploads\/2025\/11\/Paseo-Wheelwright-de-Valparaiso-9-2-100x100.png 100w\" sizes=\"auto, (max-width: 300px) 100vw, 300px\" \/>\t\t<h2 class=\"woocommerce-loop-category__title\">\n\t\t\tBolsas de Algod\u00f3n <mark class=\"count\">(107)<\/mark>\t\t<\/h2>\n\t\t<\/a><\/li>\n<li class=\"product-category product\">\n\t<a aria-label=\"Visitar la categor\u00eda de producto Bolsas de Auto\" href=\"https:\/\/www.apoyoautismochileepaa.cl\/carro\/categoria-producto\/bolsas-de-auto\/\"><img loading=\"lazy\" decoding=\"async\" src=\"https:\/\/www.apoyoautismochileepaa.cl\/carro\/wp-content\/uploads\/2025\/11\/Palacio-Rioja-de-Vina-del-Mar-1-2-300x300.png\" alt=\"Bolsas de Auto\" width=\"300\" height=\"300\" srcset=\"https:\/\/www.apoyoautismochileepaa.cl\/carro\/wp-content\/uploads\/2025\/11\/Palacio-Rioja-de-Vina-del-Mar-1-2-300x300.png 300w, https:\/\/www.apoyoautismochileepaa.cl\/carro\/wp-content\/uploads\/2025\/11\/Palacio-Rioja-de-Vina-del-Mar-1-2-150x150.png 150w, https:\/\/www.apoyoautismochileepaa.cl\/carro\/wp-content\/uploads\/2025\/11\/Palacio-Rioja-de-Vina-del-Mar-1-2-100x100.png 100w\" sizes=\"auto, (max-width: 300px) 100vw, 300px\" \/>\t\t<h2 class=\"woocommerce-loop-category__title\">\n\t\t\tBolsas de Auto <mark class=\"count\">(107)<\/mark>\t\t<\/h2>\n\t\t<\/a><\/li>\n<li class=\"product-category product\">\n\t<a aria-label=\"Visitar la categor\u00eda de producto Bolsas de TNT\" href=\"https:\/\/www.apoyoautismochileepaa.cl\/carro\/categoria-producto\/bolsas-de-tnt\/\"><img loading=\"lazy\" decoding=\"async\" src=\"https:\/\/www.apoyoautismochileepaa.cl\/carro\/wp-content\/uploads\/2025\/11\/Ascensores-de-Valparaiso-2-1-300x300.png\" alt=\"Bolsas de TNT\" width=\"300\" height=\"300\" srcset=\"https:\/\/www.apoyoautismochileepaa.cl\/carro\/wp-content\/uploads\/2025\/11\/Ascensores-de-Valparaiso-2-1-300x300.png 300w, https:\/\/www.apoyoautismochileepaa.cl\/carro\/wp-content\/uploads\/2025\/11\/Ascensores-de-Valparaiso-2-1-150x150.png 150w, https:\/\/www.apoyoautismochileepaa.cl\/carro\/wp-content\/uploads\/2025\/11\/Ascensores-de-Valparaiso-2-1-100x100.png 100w\" sizes=\"auto, (max-width: 300px) 100vw, 300px\" \/>\t\t<h2 class=\"woocommerce-loop-category__title\">\n\t\t\tBolsas de TNT <mark class=\"count\">(107)<\/mark>\t\t<\/h2>\n\t\t<\/a><\/li>\n<li class=\"product-category product last\">\n\t<a aria-label=\"Visitar la categor\u00eda de producto Tazones\" href=\"https:\/\/www.apoyoautismochileepaa.cl\/carro\/categoria-producto\/tazones\/\"><img loading=\"lazy\" decoding=\"async\" src=\"https:\/\/www.apoyoautismochileepaa.cl\/carro\/wp-content\/uploads\/2025\/11\/Paseo-Atkinson-de-Valparaiso-5A-300x300.png\" alt=\"Tazones\" width=\"300\" height=\"300\" srcset=\"https:\/\/www.apoyoautismochileepaa.cl\/carro\/wp-content\/uploads\/2025\/11\/Paseo-Atkinson-de-Valparaiso-5A-300x300.png 300w, https:\/\/www.apoyoautismochileepaa.cl\/carro\/wp-content\/uploads\/2025\/11\/Paseo-Atkinson-de-Valparaiso-5A-150x150.png 150w, https:\/\/www.apoyoautismochileepaa.cl\/carro\/wp-content\/uploads\/2025\/11\/Paseo-Atkinson-de-Valparaiso-5A-100x100.png 100w\" sizes=\"auto, (max-width: 300px) 100vw, 300px\" \/>\t\t<h2 class=\"woocommerce-loop-category__title\">\n\t\t\tTazones <mark class=\"count\">(107)<\/mark>\t\t<\/h2>\n\t\t<\/a><\/li>\n<\/ul>\n<\/div>\n<\/div>\n<\/div>\n","protected":false},"excerpt":{"rendered":"<p>Cada producto refleja el talento, la dedicaci\u00f3n y la creatividad de j\u00f3venes y adultos autistas que, a trav\u00e9s del Programa Sociolaboral CEAsolidario, dan vida a dise\u00f1os llenos de sentido y valor. Informaci\u00f3n importante: Las compras se env\u00edan en un per\u00edodo de 10 d\u00edas h\u00e1biles. Puedes optar por las opciones: \u2022 Env\u00edo por pagar a trav\u00e9s [&hellip;]<\/p>\n","protected":false},"author":1,"featured_media":0,"parent":0,"menu_order":0,"comment_status":"closed","ping_status":"closed","template":"","meta":{"footnotes":""},"class_list":["post-353","page","type-page","status-publish","hentry"],"_links":{"self":[{"href":"https:\/\/www.apoyoautismochileepaa.cl\/carro\/wp-json\/wp\/v2\/pages\/353","targetHints":{"allow":["GET"]}}],"collection":[{"href":"https:\/\/www.apoyoautismochileepaa.cl\/carro\/wp-json\/wp\/v2\/pages"}],"about":[{"href":"https:\/\/www.apoyoautismochileepaa.cl\/carro\/wp-json\/wp\/v2\/types\/page"}],"author":[{"embeddable":true,"href":"https:\/\/www.apoyoautismochileepaa.cl\/carro\/wp-json\/wp\/v2\/users\/1"}],"replies":[{"embeddable":true,"href":"https:\/\/www.apoyoautismochileepaa.cl\/carro\/wp-json\/wp\/v2\/comments?post=353"}],"version-history":[{"count":11,"href":"https:\/\/www.apoyoautismochileepaa.cl\/carro\/wp-json\/wp\/v2\/pages\/353\/revisions"}],"predecessor-version":[{"id":1344,"href":"https:\/\/www.apoyoautismochileepaa.cl\/carro\/wp-json\/wp\/v2\/pages\/353\/revisions\/1344"}],"wp:attachment":[{"href":"https:\/\/www.apoyoautismochileepaa.cl\/carro\/wp-json\/wp\/v2\/media?parent=353"}],"curies":[{"name":"wp","href":"https:\/\/api.w.org\/{rel}","templated":true}]}}