{"id":193,"date":"2025-09-24T02:24:31","date_gmt":"2025-09-24T00:24:31","guid":{"rendered":"http:\/\/localhost\/apoyo\/?post_type=product&#038;p=193"},"modified":"2025-11-23T19:28:29","modified_gmt":"2025-11-23T18:28:29","slug":"bolsa-de-valparaiso-faro-punta-angeles-4","status":"publish","type":"product","link":"https:\/\/www.apoyoautismochileepaa.cl\/carro\/producto\/bolsa-de-valparaiso-faro-punta-angeles-4\/","title":{"rendered":"Faro Punta \u00c1ngeles de Valpara\u00edso 4"},"content":{"rendered":"<p>Bolsa de algod\u00f3n 42&#215;38 cm<\/p>\n","protected":false},"excerpt":{"rendered":"<p>Bolsa de algod\u00f3n 42&#215;38 cm<\/p>\n","protected":false},"featured_media":114,"comment_status":"closed","ping_status":"closed","template":"","meta":[],"product_brand":[],"product_cat":[21,24],"product_tag":[],"class_list":{"0":"post-193","1":"product","2":"type-product","3":"status-publish","4":"has-post-thumbnail","6":"product_cat-bda","7":"product_cat-valpo","9":"first","10":"instock","11":"shipping-taxable","12":"purchasable","13":"product-type-simple"},"_links":{"self":[{"href":"https:\/\/www.apoyoautismochileepaa.cl\/carro\/wp-json\/wp\/v2\/product\/193","targetHints":{"allow":["GET"]}}],"collection":[{"href":"https:\/\/www.apoyoautismochileepaa.cl\/carro\/wp-json\/wp\/v2\/product"}],"about":[{"href":"https:\/\/www.apoyoautismochileepaa.cl\/carro\/wp-json\/wp\/v2\/types\/product"}],"replies":[{"embeddable":true,"href":"https:\/\/www.apoyoautismochileepaa.cl\/carro\/wp-json\/wp\/v2\/comments?post=193"}],"wp:featuredmedia":[{"embeddable":true,"href":"https:\/\/www.apoyoautismochileepaa.cl\/carro\/wp-json\/wp\/v2\/media\/114"}],"wp:attachment":[{"href":"https:\/\/www.apoyoautismochileepaa.cl\/carro\/wp-json\/wp\/v2\/media?parent=193"}],"wp:term":[{"taxonomy":"product_brand","embeddable":true,"href":"https:\/\/www.apoyoautismochileepaa.cl\/carro\/wp-json\/wp\/v2\/product_brand?post=193"},{"taxonomy":"product_cat","embeddable":true,"href":"https:\/\/www.apoyoautismochileepaa.cl\/carro\/wp-json\/wp\/v2\/product_cat?post=193"},{"taxonomy":"product_tag","embeddable":true,"href":"https:\/\/www.apoyoautismochileepaa.cl\/carro\/wp-json\/wp\/v2\/product_tag?post=193"}],"curies":[{"name":"wp","href":"https:\/\/api.w.org\/{rel}","templated":true}]}}