{"id":395,"date":"2025-11-21T15:36:37","date_gmt":"2025-11-21T14:36:37","guid":{"rendered":"https:\/\/www.apoyoautismochileepaa.cl\/carro\/?post_type=product&#038;p=395"},"modified":"2025-11-21T19:07:58","modified_gmt":"2025-11-21T18:07:58","slug":"faro-punta-angeles-de-valparaiso-1-2","status":"publish","type":"product","link":"https:\/\/www.apoyoautismochileepaa.cl\/carro\/producto\/faro-punta-angeles-de-valparaiso-1-2\/","title":{"rendered":"Faro Punta \u00c1ngeles de Valpara\u00edso 1"},"content":{"rendered":"<p>Bolsa de TNT 32\u00d738 cm sin fuelle<\/p>\n","protected":false},"excerpt":{"rendered":"<p>Bolsa de TNT 32\u00d738 cm sin fuelle<\/p>\n","protected":false},"featured_media":396,"comment_status":"open","ping_status":"closed","template":"","meta":[],"product_brand":[],"product_cat":[28,34],"product_tag":[],"class_list":{"0":"post-395","1":"product","2":"type-product","3":"status-publish","4":"has-post-thumbnail","6":"product_cat-bolsas-de-tnt","7":"product_cat-valparaiso-bolsas-de-tnt","9":"first","10":"instock","11":"shipping-taxable","12":"purchasable","13":"product-type-simple"},"_links":{"self":[{"href":"https:\/\/www.apoyoautismochileepaa.cl\/carro\/wp-json\/wp\/v2\/product\/395","targetHints":{"allow":["GET"]}}],"collection":[{"href":"https:\/\/www.apoyoautismochileepaa.cl\/carro\/wp-json\/wp\/v2\/product"}],"about":[{"href":"https:\/\/www.apoyoautismochileepaa.cl\/carro\/wp-json\/wp\/v2\/types\/product"}],"replies":[{"embeddable":true,"href":"https:\/\/www.apoyoautismochileepaa.cl\/carro\/wp-json\/wp\/v2\/comments?post=395"}],"wp:featuredmedia":[{"embeddable":true,"href":"https:\/\/www.apoyoautismochileepaa.cl\/carro\/wp-json\/wp\/v2\/media\/396"}],"wp:attachment":[{"href":"https:\/\/www.apoyoautismochileepaa.cl\/carro\/wp-json\/wp\/v2\/media?parent=395"}],"wp:term":[{"taxonomy":"product_brand","embeddable":true,"href":"https:\/\/www.apoyoautismochileepaa.cl\/carro\/wp-json\/wp\/v2\/product_brand?post=395"},{"taxonomy":"product_cat","embeddable":true,"href":"https:\/\/www.apoyoautismochileepaa.cl\/carro\/wp-json\/wp\/v2\/product_cat?post=395"},{"taxonomy":"product_tag","embeddable":true,"href":"https:\/\/www.apoyoautismochileepaa.cl\/carro\/wp-json\/wp\/v2\/product_tag?post=395"}],"curies":[{"name":"wp","href":"https:\/\/api.w.org\/{rel}","templated":true}]}}