{"id":399,"date":"2025-11-21T15:39:39","date_gmt":"2025-11-21T14:39:39","guid":{"rendered":"https:\/\/www.apoyoautismochileepaa.cl\/carro\/?post_type=product&#038;p=399"},"modified":"2025-11-21T19:05:59","modified_gmt":"2025-11-21T18:05:59","slug":"buque-escuela-esmeralda-de-valparaiso-3-3","status":"publish","type":"product","link":"https:\/\/www.apoyoautismochileepaa.cl\/carro\/producto\/buque-escuela-esmeralda-de-valparaiso-3-3\/","title":{"rendered":"Faro Punta \u00c1ngeles de Valpara\u00edso 3"},"content":{"rendered":"<p>Bolsa de TNT 32\u00d738 cm sin fuelle<\/p>\n","protected":false},"excerpt":{"rendered":"<p>Bolsa de TNT 32\u00d738 cm sin fuelle<\/p>\n","protected":false},"featured_media":400,"comment_status":"open","ping_status":"closed","template":"","meta":[],"product_brand":[],"product_cat":[28,34],"product_tag":[],"class_list":{"0":"post-399","1":"product","2":"type-product","3":"status-publish","4":"has-post-thumbnail","6":"product_cat-bolsas-de-tnt","7":"product_cat-valparaiso-bolsas-de-tnt","9":"first","10":"instock","11":"shipping-taxable","12":"purchasable","13":"product-type-simple"},"_links":{"self":[{"href":"https:\/\/www.apoyoautismochileepaa.cl\/carro\/wp-json\/wp\/v2\/product\/399","targetHints":{"allow":["GET"]}}],"collection":[{"href":"https:\/\/www.apoyoautismochileepaa.cl\/carro\/wp-json\/wp\/v2\/product"}],"about":[{"href":"https:\/\/www.apoyoautismochileepaa.cl\/carro\/wp-json\/wp\/v2\/types\/product"}],"replies":[{"embeddable":true,"href":"https:\/\/www.apoyoautismochileepaa.cl\/carro\/wp-json\/wp\/v2\/comments?post=399"}],"wp:featuredmedia":[{"embeddable":true,"href":"https:\/\/www.apoyoautismochileepaa.cl\/carro\/wp-json\/wp\/v2\/media\/400"}],"wp:attachment":[{"href":"https:\/\/www.apoyoautismochileepaa.cl\/carro\/wp-json\/wp\/v2\/media?parent=399"}],"wp:term":[{"taxonomy":"product_brand","embeddable":true,"href":"https:\/\/www.apoyoautismochileepaa.cl\/carro\/wp-json\/wp\/v2\/product_brand?post=399"},{"taxonomy":"product_cat","embeddable":true,"href":"https:\/\/www.apoyoautismochileepaa.cl\/carro\/wp-json\/wp\/v2\/product_cat?post=399"},{"taxonomy":"product_tag","embeddable":true,"href":"https:\/\/www.apoyoautismochileepaa.cl\/carro\/wp-json\/wp\/v2\/product_tag?post=399"}],"curies":[{"name":"wp","href":"https:\/\/api.w.org\/{rel}","templated":true}]}}