{"id":497,"date":"2025-11-21T23:54:53","date_gmt":"2025-11-21T22:54:53","guid":{"rendered":"https:\/\/www.apoyoautismochileepaa.cl\/carro\/?post_type=product&#038;p=497"},"modified":"2025-11-21T23:54:53","modified_gmt":"2025-11-21T22:54:53","slug":"jardin-botanico-de-vina-del-mar-7-2","status":"publish","type":"product","link":"https:\/\/www.apoyoautismochileepaa.cl\/carro\/producto\/jardin-botanico-de-vina-del-mar-7-2\/","title":{"rendered":"Jard\u00edn Bot\u00e1nico de Vi\u00f1a del Mar 7"},"content":{"rendered":"<p>Bolsa de TNT 32\u00d738 cm sin fuelle<\/p>\n","protected":false},"excerpt":{"rendered":"<p>Bolsa de TNT 32\u00d738 cm sin fuelle<\/p>\n","protected":false},"featured_media":498,"comment_status":"open","ping_status":"closed","template":"","meta":[],"product_brand":[],"product_cat":[28,29],"product_tag":[],"class_list":{"0":"post-497","1":"product","2":"type-product","3":"status-publish","4":"has-post-thumbnail","6":"product_cat-bolsas-de-tnt","7":"product_cat-vina-del-mar-bolsas-de-tnt","9":"first","10":"instock","11":"shipping-taxable","12":"purchasable","13":"product-type-simple"},"_links":{"self":[{"href":"https:\/\/www.apoyoautismochileepaa.cl\/carro\/wp-json\/wp\/v2\/product\/497","targetHints":{"allow":["GET"]}}],"collection":[{"href":"https:\/\/www.apoyoautismochileepaa.cl\/carro\/wp-json\/wp\/v2\/product"}],"about":[{"href":"https:\/\/www.apoyoautismochileepaa.cl\/carro\/wp-json\/wp\/v2\/types\/product"}],"replies":[{"embeddable":true,"href":"https:\/\/www.apoyoautismochileepaa.cl\/carro\/wp-json\/wp\/v2\/comments?post=497"}],"wp:featuredmedia":[{"embeddable":true,"href":"https:\/\/www.apoyoautismochileepaa.cl\/carro\/wp-json\/wp\/v2\/media\/498"}],"wp:attachment":[{"href":"https:\/\/www.apoyoautismochileepaa.cl\/carro\/wp-json\/wp\/v2\/media?parent=497"}],"wp:term":[{"taxonomy":"product_brand","embeddable":true,"href":"https:\/\/www.apoyoautismochileepaa.cl\/carro\/wp-json\/wp\/v2\/product_brand?post=497"},{"taxonomy":"product_cat","embeddable":true,"href":"https:\/\/www.apoyoautismochileepaa.cl\/carro\/wp-json\/wp\/v2\/product_cat?post=497"},{"taxonomy":"product_tag","embeddable":true,"href":"https:\/\/www.apoyoautismochileepaa.cl\/carro\/wp-json\/wp\/v2\/product_tag?post=497"}],"curies":[{"name":"wp","href":"https:\/\/api.w.org\/{rel}","templated":true}]}}