{"id":852,"date":"2025-11-22T22:28:53","date_gmt":"2025-11-22T21:28:53","guid":{"rendered":"https:\/\/www.apoyoautismochileepaa.cl\/carro\/?post_type=product&#038;p=852"},"modified":"2025-11-22T22:28:53","modified_gmt":"2025-11-22T21:28:53","slug":"faro-punta-angeles-de-valparaiso-3-3","status":"publish","type":"product","link":"https:\/\/www.apoyoautismochileepaa.cl\/carro\/producto\/faro-punta-angeles-de-valparaiso-3-3\/","title":{"rendered":"Faro Punta \u00c1ngeles de Valpara\u00edso 3"},"content":{"rendered":"<p>Taz\u00f3n de 11 oz<\/p>\n","protected":false},"excerpt":{"rendered":"<p>Taz\u00f3n de 11 oz<\/p>\n","protected":false},"featured_media":853,"comment_status":"open","ping_status":"closed","template":"","meta":[],"product_brand":[],"product_cat":[30,32],"product_tag":[],"class_list":{"0":"post-852","1":"product","2":"type-product","3":"status-publish","4":"has-post-thumbnail","6":"product_cat-tazones","7":"product_cat-valparaiso","9":"first","10":"instock","11":"shipping-taxable","12":"purchasable","13":"product-type-simple"},"_links":{"self":[{"href":"https:\/\/www.apoyoautismochileepaa.cl\/carro\/wp-json\/wp\/v2\/product\/852","targetHints":{"allow":["GET"]}}],"collection":[{"href":"https:\/\/www.apoyoautismochileepaa.cl\/carro\/wp-json\/wp\/v2\/product"}],"about":[{"href":"https:\/\/www.apoyoautismochileepaa.cl\/carro\/wp-json\/wp\/v2\/types\/product"}],"replies":[{"embeddable":true,"href":"https:\/\/www.apoyoautismochileepaa.cl\/carro\/wp-json\/wp\/v2\/comments?post=852"}],"wp:featuredmedia":[{"embeddable":true,"href":"https:\/\/www.apoyoautismochileepaa.cl\/carro\/wp-json\/wp\/v2\/media\/853"}],"wp:attachment":[{"href":"https:\/\/www.apoyoautismochileepaa.cl\/carro\/wp-json\/wp\/v2\/media?parent=852"}],"wp:term":[{"taxonomy":"product_brand","embeddable":true,"href":"https:\/\/www.apoyoautismochileepaa.cl\/carro\/wp-json\/wp\/v2\/product_brand?post=852"},{"taxonomy":"product_cat","embeddable":true,"href":"https:\/\/www.apoyoautismochileepaa.cl\/carro\/wp-json\/wp\/v2\/product_cat?post=852"},{"taxonomy":"product_tag","embeddable":true,"href":"https:\/\/www.apoyoautismochileepaa.cl\/carro\/wp-json\/wp\/v2\/product_tag?post=852"}],"curies":[{"name":"wp","href":"https:\/\/api.w.org\/{rel}","templated":true}]}}